{"id":1706,"date":"2020-02-14T15:53:05","date_gmt":"2020-02-14T14:53:05","guid":{"rendered":"http:\/\/valvesco.sterx-project.be\/?page_id=1706"},"modified":"2020-03-03T13:32:00","modified_gmt":"2020-03-03T12:32:00","slug":"vannes-automatisees","status":"publish","type":"page","link":"https:\/\/www.valvesco.be\/fr\/vannes-automatisees\/","title":{"rendered":"Vannes automatis\u00e9es"},"content":{"rendered":"<p>[et_pb_section fb_built=&#8221;1&#8243; _builder_version=&#8221;4.3.1&#8243; custom_padding=&#8221;10px||||false|false&#8221;][et_pb_row _builder_version=&#8221;3.25&#8243; background_size=&#8221;initial&#8221; background_position=&#8221;top_left&#8221; background_repeat=&#8221;repeat&#8221;][et_pb_column type=&#8221;4_4&#8243; _builder_version=&#8221;3.25&#8243; custom_padding=&#8221;|||&#8221; custom_padding__hover=&#8221;|||&#8221;][et_pb_text admin_label=&#8221;titel &#8211; Automatische Afsluiters&#8221; _builder_version=&#8221;4.3.2&#8243;]<\/p>\n<h1>Vannes automatis\u00e9es<\/h1>\n<p>[\/et_pb_text][\/et_pb_column][\/et_pb_row][et_pb_row column_structure=&#8221;1_2,1_2&#8243; _builder_version=&#8221;3.25&#8243; background_size=&#8221;initial&#8221; background_position=&#8221;top_left&#8221; background_repeat=&#8221;repeat&#8221;][et_pb_column type=&#8221;1_2&#8243; _builder_version=&#8221;3.25&#8243; custom_padding=&#8221;|||&#8221; custom_padding__hover=&#8221;|||&#8221;][et_pb_text admin_label=&#8221;titel &#8211; op maat gemaakt&#8221; _builder_version=&#8221;4.3.2&#8243;]<\/p>\n<h2>Sur mesure<\/h2>\n<p>[\/et_pb_text][et_pb_text admin_label=&#8221;tekst&#8221; _builder_version=&#8221;4.3.2&#8243;]<\/p>\n<p>Notre \u00e9quipe sp\u00e9cialis\u00e9e vous aide \u00e0 trouver l&#8217;automatisation dont vous avez besoin.<\/p>\n<ul>\n<li>Pneumatique<\/li>\n<li>Hydraulique<\/li>\n<li>\u00c9lectrique<\/li>\n<\/ul>\n<p>Chaque automatisation est test\u00e9e et v\u00e9rifi\u00e9e par notre responsable du contr\u00f4le qualit\u00e9.<\/p>\n<p>Pour plus d&#8217;informations, contactez notre \u00e9quipe commerciale.<\/p>\n<p>[\/et_pb_text][et_pb_button button_url=&#8221;@ET-DC@eyJkeW5hbWljIjp0cnVlLCJjb250ZW50IjoicG9zdF9saW5rX3VybF9wYWdlIiwic2V0dGluZ3MiOnsicG9zdF9pZCI6IjgzIn19@&#8221; button_text=&#8221;Contactez Valvesco&#8221; admin_label=&#8221;Knop contact&#8221; _builder_version=&#8221;4.3.2&#8243; _dynamic_attributes=&#8221;button_url&#8221; custom_button=&#8221;on&#8221; button_text_color=&#8221;#007ba5&#8243; button_border_color=&#8221;#007ba5&#8243; button_icon=&#8221;%%32%%&#8221; button_on_hover=&#8221;off&#8221; button_text_size__hover_enabled=&#8221;off&#8221; button_one_text_size__hover_enabled=&#8221;off&#8221; button_two_text_size__hover_enabled=&#8221;off&#8221; button_text_color__hover_enabled=&#8221;off&#8221; button_one_text_color__hover_enabled=&#8221;off&#8221; button_two_text_color__hover_enabled=&#8221;off&#8221; button_border_width__hover_enabled=&#8221;off&#8221; button_one_border_width__hover_enabled=&#8221;off&#8221; button_two_border_width__hover_enabled=&#8221;off&#8221; button_border_color__hover_enabled=&#8221;off&#8221; button_one_border_color__hover_enabled=&#8221;off&#8221; button_two_border_color__hover_enabled=&#8221;off&#8221; button_border_radius__hover_enabled=&#8221;off&#8221; button_one_border_radius__hover_enabled=&#8221;off&#8221; button_two_border_radius__hover_enabled=&#8221;off&#8221; button_letter_spacing__hover_enabled=&#8221;off&#8221; button_one_letter_spacing__hover_enabled=&#8221;off&#8221; button_two_letter_spacing__hover_enabled=&#8221;off&#8221; button_bg_color__hover_enabled=&#8221;off&#8221; button_one_bg_color__hover_enabled=&#8221;off&#8221; button_two_bg_color__hover_enabled=&#8221;off&#8221;][\/et_pb_button][\/et_pb_column][et_pb_column type=&#8221;1_2&#8243; _builder_version=&#8221;3.25&#8243; custom_padding=&#8221;|||&#8221; custom_padding__hover=&#8221;|||&#8221;][et_pb_image src=&#8221;https:\/\/www.valvesco.be\/wp-content\/uploads\/2018\/03\/Automated-valve.jpg&#8221; alt=&#8221;Automated valve&#8221; align=&#8221;center&#8221; align_tablet=&#8221;center&#8221; align_phone=&#8221;&#8221; align_last_edited=&#8221;on|desktop&#8221; _builder_version=&#8221;3.23&#8243; max_width=&#8221;80%&#8221; always_center_on_mobile=&#8221;on&#8221;][\/et_pb_image][\/et_pb_column][\/et_pb_row][\/et_pb_section][et_pb_section fb_built=&#8221;1&#8243; _builder_version=&#8221;3.22&#8243; background_image=&#8221;https:\/\/www.valvesco.be\/wp-content\/uploads\/2018\/01\/Automated-valve-handeling.jpg&#8221; parallax=&#8221;on&#8221; custom_padding=&#8221;350px||350px|&#8221;][et_pb_row _builder_version=&#8221;3.25&#8243;][et_pb_column type=&#8221;4_4&#8243; _builder_version=&#8221;3.25&#8243; custom_padding=&#8221;|||&#8221; custom_padding__hover=&#8221;|||&#8221;][\/et_pb_column][\/et_pb_row][\/et_pb_section][et_pb_section fb_built=&#8221;1&#8243; _builder_version=&#8221;3.22&#8243; background_color=&#8221;#007ba5&#8243; custom_padding=&#8221;10px||0px|&#8221;][et_pb_row _builder_version=&#8221;3.25&#8243; background_size=&#8221;initial&#8221; background_position=&#8221;top_left&#8221; background_repeat=&#8221;repeat&#8221; custom_padding=&#8221;||0px|&#8221;][\/et_pb_row][\/et_pb_section]<\/p>\n","protected":false},"excerpt":{"rendered":"<p>Vannes automatis\u00e9esSur mesureNotre \u00e9quipe sp\u00e9cialis\u00e9e vous aide \u00e0 trouver l&#8217;automatisation dont vous avez besoin. Pneumatique Hydraulique \u00c9lectrique Chaque automatisation est test\u00e9e et v\u00e9rifi\u00e9e par notre responsable du contr\u00f4le qualit\u00e9. Pour plus d&#8217;informations, contactez notre \u00e9quipe commerciale.<\/p>\n","protected":false},"author":1,"featured_media":0,"parent":0,"menu_order":0,"comment_status":"closed","ping_status":"closed","template":"","meta":{"_et_pb_use_builder":"on","_et_pb_old_content":"<p>[et_pb_section fb_built=\"1\" _builder_version=\"4.3.1\" custom_padding=\"10px||||false|false\"][et_pb_row _builder_version=\"3.25\" background_size=\"initial\" background_position=\"top_left\" background_repeat=\"repeat\"][et_pb_column type=\"4_4\" _builder_version=\"3.25\" custom_padding=\"|||\" custom_padding__hover=\"|||\"][et_pb_text admin_label=\"titel - Automatische Afsluiters\" _builder_version=\"4.3.1\"]<\/p><h1>Automatische Afsluiters<\/h1><p>[\/et_pb_text][\/et_pb_column][\/et_pb_row][et_pb_row column_structure=\"1_2,1_2\" _builder_version=\"3.25\" background_size=\"initial\" background_position=\"top_left\" background_repeat=\"repeat\"][et_pb_column type=\"1_2\" _builder_version=\"3.25\" custom_padding=\"|||\" custom_padding__hover=\"|||\"][et_pb_text admin_label=\"titel - op maat gemaakt\" _builder_version=\"4.3.1\"]<\/p><h2>Op maat gemaakt<\/h2><p>[\/et_pb_text][et_pb_text admin_label=\"tekst\" _builder_version=\"4.3.1\"]<\/p><p>Ons gespecialiseerde team helpt u bij het vinden van de automatisering die u nodig hebt.<\/p><ul><li>Pneumatisch<\/li><li>Hydraulisch<\/li><li>Elektrisch<\/li><\/ul><p>Elke automatisering wordt getest en gecontroleerd door onze kwaliteitscontrolemanager.<\/p><p>Neem voor meer informatie contact op met ons verkoopteam.<\/p><p>[\/et_pb_text][et_pb_button button_url=\"@ET-DC@eyJkeW5hbWljIjp0cnVlLCJjb250ZW50IjoicG9zdF9saW5rX3VybF9wYWdlIiwic2V0dGluZ3MiOnsicG9zdF9pZCI6IjgzIn19@\" button_text=\"Contacteer Valvesco\" admin_label=\"Knop contact\" _builder_version=\"4.3.1\" _dynamic_attributes=\"button_url\" custom_button=\"on\" button_text_color=\"#007ba5\" button_border_color=\"#007ba5\" button_icon=\"%%32%%\" button_on_hover=\"off\" button_text_size__hover_enabled=\"off\" button_one_text_size__hover_enabled=\"off\" button_two_text_size__hover_enabled=\"off\" button_text_color__hover_enabled=\"off\" button_one_text_color__hover_enabled=\"off\" button_two_text_color__hover_enabled=\"off\" button_border_width__hover_enabled=\"off\" button_one_border_width__hover_enabled=\"off\" button_two_border_width__hover_enabled=\"off\" button_border_color__hover_enabled=\"off\" button_one_border_color__hover_enabled=\"off\" button_two_border_color__hover_enabled=\"off\" button_border_radius__hover_enabled=\"off\" button_one_border_radius__hover_enabled=\"off\" button_two_border_radius__hover_enabled=\"off\" button_letter_spacing__hover_enabled=\"off\" button_one_letter_spacing__hover_enabled=\"off\" button_two_letter_spacing__hover_enabled=\"off\" button_bg_color__hover_enabled=\"off\" button_one_bg_color__hover_enabled=\"off\" button_two_bg_color__hover_enabled=\"off\"][\/et_pb_button][\/et_pb_column][et_pb_column type=\"1_2\" _builder_version=\"3.25\" custom_padding=\"|||\" custom_padding__hover=\"|||\"][et_pb_image src=\"https:\/\/www.valvesco.be\/wp-content\/uploads\/2018\/03\/Automated-valve.jpg\" alt=\"Automated valve\" align=\"center\" align_tablet=\"center\" align_phone=\"\" align_last_edited=\"on|desktop\" _builder_version=\"3.23\" max_width=\"80%\" always_center_on_mobile=\"on\"][\/et_pb_image][\/et_pb_column][\/et_pb_row][\/et_pb_section][et_pb_section fb_built=\"1\" _builder_version=\"3.22\" background_image=\"https:\/\/www.valvesco.be\/wp-content\/uploads\/2018\/01\/Automated-valve-handeling.jpg\" parallax=\"on\" custom_padding=\"350px||350px|\"][et_pb_row _builder_version=\"3.25\"][et_pb_column type=\"4_4\" _builder_version=\"3.25\" custom_padding=\"|||\" custom_padding__hover=\"|||\"][\/et_pb_column][\/et_pb_row][\/et_pb_section][et_pb_section fb_built=\"1\" _builder_version=\"3.22\" background_color=\"#007ba5\" custom_padding=\"10px||0px|\"][et_pb_row _builder_version=\"3.25\" background_size=\"initial\" background_position=\"top_left\" background_repeat=\"repeat\" custom_padding=\"||0px|\"][\/et_pb_row][\/et_pb_section][et_pb_section fb_built=\"1\" _builder_version=\"3.22\" background_color=\"#ededed\" custom_margin=\"||0px|\" custom_padding=\"||0px|\"][et_pb_row column_structure=\"1_4,1_4,1_4,1_4\" _builder_version=\"3.25\" background_size=\"initial\" background_position=\"top_left\" background_repeat=\"repeat\" custom_padding=\"0px|||\"][et_pb_column type=\"1_4\" _builder_version=\"3.25\" custom_padding=\"|||\" custom_padding__hover=\"|||\"][et_pb_sidebar area=\"et_pb_widget_area_1\" show_border=\"off\" admin_label=\"Widget NL footer 1\" _builder_version=\"4.3.2\" header_font=\"|700|||||||\" header_text_color=\"#007ba5\" body_text_color=\"#007ba5\" hover_enabled=\"0\"][\/et_pb_sidebar][\/et_pb_column][et_pb_column type=\"1_4\" _builder_version=\"3.25\" custom_padding=\"|||\" custom_padding__hover=\"|||\"][et_pb_sidebar area=\"et_pb_widget_area_3\" show_border=\"off\" admin_label=\"Widget Latest News\" _builder_version=\"3.0.97\" header_font=\"|700|||||||\" header_text_color=\"#007ba5\" body_text_color=\"#007ba5\"][\/et_pb_sidebar][\/et_pb_column][et_pb_column type=\"1_4\" _builder_version=\"3.25\" custom_padding=\"|||\" custom_padding__hover=\"|||\"][et_pb_sidebar area=\"et_pb_widget_area_4\" show_border=\"off\" admin_label=\"Widget Sitemap\" _builder_version=\"3.0.97\" header_font=\"|700|||||||\" header_text_color=\"#007ba5\" body_text_color=\"#007ba5\"][\/et_pb_sidebar][\/et_pb_column][et_pb_column type=\"1_4\" _builder_version=\"3.25\" custom_padding=\"|||\" custom_padding__hover=\"|||\"][et_pb_sidebar area=\"et_pb_widget_area_5\" show_border=\"off\" admin_label=\"Widget adres\" _builder_version=\"3.0.97\" header_font=\"|700|||||||\" header_text_color=\"#007ba5\" body_text_color=\"#007ba5\"][\/et_pb_sidebar][\/et_pb_column][\/et_pb_row][\/et_pb_section]<\/p>","_et_gb_content_width":"","footnotes":""},"class_list":["post-1706","page","type-page","status-publish","hentry"],"yoast_head":"<!-- This site is optimized with the Yoast SEO plugin v27.5 - https:\/\/yoast.com\/product\/yoast-seo-wordpress\/ -->\n<title>Vannes automatis\u00e9es - Valvesco<\/title>\n<meta name=\"robots\" content=\"index, follow, max-snippet:-1, max-image-preview:large, max-video-preview:-1\" \/>\n<link rel=\"canonical\" href=\"https:\/\/www.valvesco.be\/fr\/vannes-automatisees\/\" \/>\n<meta property=\"og:locale\" content=\"fr_FR\" \/>\n<meta property=\"og:type\" content=\"article\" \/>\n<meta property=\"og:title\" content=\"Vannes automatis\u00e9es - Valvesco\" \/>\n<meta property=\"og:description\" content=\"Vannes automatis\u00e9esSur mesureNotre \u00e9quipe sp\u00e9cialis\u00e9e vous aide \u00e0 trouver l&#039;automatisation dont vous avez besoin. Pneumatique Hydraulique \u00c9lectrique Chaque automatisation est test\u00e9e et v\u00e9rifi\u00e9e par notre responsable du contr\u00f4le qualit\u00e9. Pour plus d&#039;informations, contactez notre \u00e9quipe commerciale.\" \/>\n<meta property=\"og:url\" content=\"https:\/\/www.valvesco.be\/fr\/vannes-automatisees\/\" \/>\n<meta property=\"og:site_name\" content=\"Valvesco\" \/>\n<meta property=\"article:modified_time\" content=\"2020-03-03T12:32:00+00:00\" \/>\n<meta name=\"twitter:card\" content=\"summary_large_image\" \/>\n<meta name=\"twitter:label1\" content=\"Est. reading time\" \/>\n\t<meta name=\"twitter:data1\" content=\"3 minutes\" \/>\n<script type=\"application\/ld+json\" class=\"yoast-schema-graph\">{\"@context\":\"https:\\\/\\\/schema.org\",\"@graph\":[{\"@type\":\"WebPage\",\"@id\":\"https:\\\/\\\/www.valvesco.be\\\/fr\\\/vannes-automatisees\\\/\",\"url\":\"https:\\\/\\\/www.valvesco.be\\\/fr\\\/vannes-automatisees\\\/\",\"name\":\"Vannes automatis\u00e9es - Valvesco\",\"isPartOf\":{\"@id\":\"https:\\\/\\\/www.valvesco.be\\\/#website\"},\"datePublished\":\"2020-02-14T14:53:05+00:00\",\"dateModified\":\"2020-03-03T12:32:00+00:00\",\"breadcrumb\":{\"@id\":\"https:\\\/\\\/www.valvesco.be\\\/fr\\\/vannes-automatisees\\\/#breadcrumb\"},\"inLanguage\":\"fr-FR\",\"potentialAction\":[{\"@type\":\"ReadAction\",\"target\":[\"https:\\\/\\\/www.valvesco.be\\\/fr\\\/vannes-automatisees\\\/\"]}]},{\"@type\":\"BreadcrumbList\",\"@id\":\"https:\\\/\\\/www.valvesco.be\\\/fr\\\/vannes-automatisees\\\/#breadcrumb\",\"itemListElement\":[{\"@type\":\"ListItem\",\"position\":1,\"name\":\"Home\",\"item\":\"https:\\\/\\\/www.valvesco.be\\\/fr\\\/\"},{\"@type\":\"ListItem\",\"position\":2,\"name\":\"Vannes automatis\u00e9es\"}]},{\"@type\":\"WebSite\",\"@id\":\"https:\\\/\\\/www.valvesco.be\\\/#website\",\"url\":\"https:\\\/\\\/www.valvesco.be\\\/\",\"name\":\"Valvesco\",\"description\":\"Controlling the flow\",\"publisher\":{\"@id\":\"https:\\\/\\\/www.valvesco.be\\\/#organization\"},\"potentialAction\":[{\"@type\":\"SearchAction\",\"target\":{\"@type\":\"EntryPoint\",\"urlTemplate\":\"https:\\\/\\\/www.valvesco.be\\\/?s={search_term_string}\"},\"query-input\":{\"@type\":\"PropertyValueSpecification\",\"valueRequired\":true,\"valueName\":\"search_term_string\"}}],\"inLanguage\":\"fr-FR\"},{\"@type\":\"Organization\",\"@id\":\"https:\\\/\\\/www.valvesco.be\\\/#organization\",\"name\":\"Valvesco\",\"url\":\"https:\\\/\\\/www.valvesco.be\\\/\",\"logo\":{\"@type\":\"ImageObject\",\"inLanguage\":\"fr-FR\",\"@id\":\"https:\\\/\\\/www.valvesco.be\\\/#\\\/schema\\\/logo\\\/image\\\/\",\"url\":\"https:\\\/\\\/i2.wp.com\\\/www.valvesco.be\\\/wp-content\\\/uploads\\\/2018\\\/01\\\/logo-valvesco.png?fit=2829%2C571&ssl=1\",\"contentUrl\":\"https:\\\/\\\/i2.wp.com\\\/www.valvesco.be\\\/wp-content\\\/uploads\\\/2018\\\/01\\\/logo-valvesco.png?fit=2829%2C571&ssl=1\",\"width\":2829,\"height\":571,\"caption\":\"Valvesco\"},\"image\":{\"@id\":\"https:\\\/\\\/www.valvesco.be\\\/#\\\/schema\\\/logo\\\/image\\\/\"}}]}<\/script>\n<!-- \/ Yoast SEO plugin. -->","yoast_head_json":{"title":"Vannes automatis\u00e9es - Valvesco","robots":{"index":"index","follow":"follow","max-snippet":"max-snippet:-1","max-image-preview":"max-image-preview:large","max-video-preview":"max-video-preview:-1"},"canonical":"https:\/\/www.valvesco.be\/fr\/vannes-automatisees\/","og_locale":"fr_FR","og_type":"article","og_title":"Vannes automatis\u00e9es - Valvesco","og_description":"Vannes automatis\u00e9esSur mesureNotre \u00e9quipe sp\u00e9cialis\u00e9e vous aide \u00e0 trouver l'automatisation dont vous avez besoin. Pneumatique Hydraulique \u00c9lectrique Chaque automatisation est test\u00e9e et v\u00e9rifi\u00e9e par notre responsable du contr\u00f4le qualit\u00e9. Pour plus d'informations, contactez notre \u00e9quipe commerciale.","og_url":"https:\/\/www.valvesco.be\/fr\/vannes-automatisees\/","og_site_name":"Valvesco","article_modified_time":"2020-03-03T12:32:00+00:00","twitter_card":"summary_large_image","twitter_misc":{"Est. reading time":"3 minutes"},"schema":{"@context":"https:\/\/schema.org","@graph":[{"@type":"WebPage","@id":"https:\/\/www.valvesco.be\/fr\/vannes-automatisees\/","url":"https:\/\/www.valvesco.be\/fr\/vannes-automatisees\/","name":"Vannes automatis\u00e9es - Valvesco","isPartOf":{"@id":"https:\/\/www.valvesco.be\/#website"},"datePublished":"2020-02-14T14:53:05+00:00","dateModified":"2020-03-03T12:32:00+00:00","breadcrumb":{"@id":"https:\/\/www.valvesco.be\/fr\/vannes-automatisees\/#breadcrumb"},"inLanguage":"fr-FR","potentialAction":[{"@type":"ReadAction","target":["https:\/\/www.valvesco.be\/fr\/vannes-automatisees\/"]}]},{"@type":"BreadcrumbList","@id":"https:\/\/www.valvesco.be\/fr\/vannes-automatisees\/#breadcrumb","itemListElement":[{"@type":"ListItem","position":1,"name":"Home","item":"https:\/\/www.valvesco.be\/fr\/"},{"@type":"ListItem","position":2,"name":"Vannes automatis\u00e9es"}]},{"@type":"WebSite","@id":"https:\/\/www.valvesco.be\/#website","url":"https:\/\/www.valvesco.be\/","name":"Valvesco","description":"Controlling the flow","publisher":{"@id":"https:\/\/www.valvesco.be\/#organization"},"potentialAction":[{"@type":"SearchAction","target":{"@type":"EntryPoint","urlTemplate":"https:\/\/www.valvesco.be\/?s={search_term_string}"},"query-input":{"@type":"PropertyValueSpecification","valueRequired":true,"valueName":"search_term_string"}}],"inLanguage":"fr-FR"},{"@type":"Organization","@id":"https:\/\/www.valvesco.be\/#organization","name":"Valvesco","url":"https:\/\/www.valvesco.be\/","logo":{"@type":"ImageObject","inLanguage":"fr-FR","@id":"https:\/\/www.valvesco.be\/#\/schema\/logo\/image\/","url":"https:\/\/i2.wp.com\/www.valvesco.be\/wp-content\/uploads\/2018\/01\/logo-valvesco.png?fit=2829%2C571&ssl=1","contentUrl":"https:\/\/i2.wp.com\/www.valvesco.be\/wp-content\/uploads\/2018\/01\/logo-valvesco.png?fit=2829%2C571&ssl=1","width":2829,"height":571,"caption":"Valvesco"},"image":{"@id":"https:\/\/www.valvesco.be\/#\/schema\/logo\/image\/"}}]}},"_links":{"self":[{"href":"https:\/\/www.valvesco.be\/fr\/wp-json\/wp\/v2\/pages\/1706","targetHints":{"allow":["GET"]}}],"collection":[{"href":"https:\/\/www.valvesco.be\/fr\/wp-json\/wp\/v2\/pages"}],"about":[{"href":"https:\/\/www.valvesco.be\/fr\/wp-json\/wp\/v2\/types\/page"}],"author":[{"embeddable":true,"href":"https:\/\/www.valvesco.be\/fr\/wp-json\/wp\/v2\/users\/1"}],"replies":[{"embeddable":true,"href":"https:\/\/www.valvesco.be\/fr\/wp-json\/wp\/v2\/comments?post=1706"}],"version-history":[{"count":0,"href":"https:\/\/www.valvesco.be\/fr\/wp-json\/wp\/v2\/pages\/1706\/revisions"}],"wp:attachment":[{"href":"https:\/\/www.valvesco.be\/fr\/wp-json\/wp\/v2\/media?parent=1706"}],"curies":[{"name":"wp","href":"https:\/\/api.w.org\/{rel}","templated":true}]}}